{"id":110,"date":"2020-05-07T12:56:14","date_gmt":"2020-05-07T10:56:14","guid":{"rendered":"http:\/\/pepperphoto.de\/wordpress\/?page_id=110"},"modified":"2025-09-02T14:36:43","modified_gmt":"2025-09-02T12:36:43","slug":"impress","status":"publish","type":"page","link":"http:\/\/pepperphoto.de\/wordpress\/?page_id=110","title":{"rendered":"impressum"},"content":{"rendered":"\n<p><\/p>\n\n\n\n<p><strong>artworx by a.k. pfeffer<br><\/strong><\/p>\n\n\n\n<p>medieninhaber:<br><strong>ronny kehr [pepper]<\/strong><br><br>kontakt:<br><strong>sorger stra\u00dfe 9<br>08626 adorf \/ vogtland \/ sachsen \/ germany <\/strong><br><strong>info@pepperphoto.de<\/strong><br><br><\/p>\n\n\n\n<p><\/p>\n\n\n\n<h2><\/h2>\n\n\n\n<p><strong>Jugendschutzinformation:<\/strong><br>Manche Teile des gezeigten Bild- und Textmaterials beinhalten <mark style=\"background-color:rgba(0, 0, 0, 0)\" class=\"has-inline-color has-black-color\">plakativ dargestellte Nacktheit, und m\u00f6gliche Trigger, welche f\u00fcr einige Menschen m\u00f6glicherweise als extrem verst\u00f6rend, be\u00e4ngstigend sowie sexuell anz\u00fcglich empfunden werden k\u00f6nnen, und unterliegen dem Jugendschutz. Der Zugang zu diesem Internetangebot ist aus diesem Grund nur Erwachsenen Personen \u00fcber 18 Jahren gestattet.<\/mark><br><br><strong>Haftung f\u00fcr Inhalte dieser Website:<\/strong><br>Wir entwickeln die Inhalte dieser Webseite st\u00e4ndig weiter und bem\u00fchen uns korrekte und aktuelle Informationen bereitzustellen. Laut Telemediengesetz\u00a0<a rel=\"noreferrer noopener\" href=\"https:\/\/www.gesetze-im-internet.de\/tmg\/__7.html?tid=321175007\" target=\"_blank\">(TMG) \u00a77 (1)<\/a>\u00a0sind wir als Diensteanbieter f\u00fcr eigene Informationen, die wir zur Nutzung bereitstellen, nach den allgemeinen Gesetzen verantwortlich. Leider k\u00f6nnen wir keine Haftung f\u00fcr die Korrektheit aller Inhalte auf dieser Webseite \u00fcbernehmen, speziell f\u00fcr jene die seitens Dritter bereitgestellt wurden. Als Diensteanbieter im Sinne der \u00a7\u00a7 8 bis 10 sind wir nicht verpflichtet, die von ihnen \u00fcbermittelten oder gespeicherten Informationen zu \u00fcberwachen oder nach Umst\u00e4nden zu forschen, die auf eine rechtswidrige T\u00e4tigkeit hinweisen. Unsere Verpflichtungen zur Entfernung von Informationen oder zur Sperrung der Nutzung von Informationen nach den allgemeinen Gesetzen aufgrund von gerichtlichen oder beh\u00f6rdlichen Anordnungen bleiben auch im Falle unserer Nichtverantwortlichkeit nach den \u00a7\u00a7 8 bis 10 unber\u00fchrt.Sollten Ihnen problematische oder rechtswidrige Inhalte auffallen, bitte wir Sie uns umgehend zu kontaktieren, damit wir die rechtswidrigen Inhalte entfernen k\u00f6nnen. Sie finden die Kontaktdaten im Impressum.<br><br><strong>Urheberrechtshinweis:<\/strong><br>Alle Inhalte dieser Webseite (Bilder, Fotos, Texte, Videos) unterliegen dem Urheberrecht der Bundesrepublik Deutschland. Bitte fragen Sie uns bevor Sie die Inhalte dieser Website verbreiten, vervielf\u00e4ltigen oder verwerten wie zum Beispiel auf anderen Websites erneut ver\u00f6ffentlichen. Falls notwendig, werden wir die unerlaubte Nutzung von Teilen der Inhalte unserer Seite rechtlich verfolgen.<\/p>\n\n\n\n<p><strong>Datenschutz:<\/strong><br>Die Nutzung unserer Webseite ist in der Regel ohne Angabe personenbezogener Daten m\u00f6glich. Soweit auf unseren Seiten personenbezogene Daten (beispielsweise Name, Anschrift oder eMail-Adressen) erhoben werden, erfolgt dies, soweit m\u00f6glich, stets auf freiwilliger Basis. Diese Daten werden ohne Ihre ausdr\u00fcckliche Zustimmung nicht an Dritte weitergegeben.<\/p>\n\n\n\n<p><\/p>\n","protected":false},"excerpt":{"rendered":"<p>artworx by a.k. pfeffer medieninhaber:ronny kehr [pepper] kontakt:sorger stra\u00dfe 908626 adorf \/ vogtland \/ sachsen \/ germany info@pepperphoto.de Jugendschutzinformation:Manche Teile des gezeigten Bild- und Textmaterials beinhalten plakativ dargestellte Nacktheit, und m\u00f6gliche Trigger, welche f\u00fcr einige Menschen m\u00f6glicherweise als extrem verst\u00f6rend, &hellip; <\/p>\n","protected":false},"author":1,"featured_media":0,"parent":0,"menu_order":0,"comment_status":"closed","ping_status":"closed","template":"","meta":[],"_links":{"self":[{"href":"http:\/\/pepperphoto.de\/wordpress\/index.php?rest_route=\/wp\/v2\/pages\/110"}],"collection":[{"href":"http:\/\/pepperphoto.de\/wordpress\/index.php?rest_route=\/wp\/v2\/pages"}],"about":[{"href":"http:\/\/pepperphoto.de\/wordpress\/index.php?rest_route=\/wp\/v2\/types\/page"}],"author":[{"embeddable":true,"href":"http:\/\/pepperphoto.de\/wordpress\/index.php?rest_route=\/wp\/v2\/users\/1"}],"replies":[{"embeddable":true,"href":"http:\/\/pepperphoto.de\/wordpress\/index.php?rest_route=%2Fwp%2Fv2%2Fcomments&post=110"}],"version-history":[{"count":35,"href":"http:\/\/pepperphoto.de\/wordpress\/index.php?rest_route=\/wp\/v2\/pages\/110\/revisions"}],"predecessor-version":[{"id":2174,"href":"http:\/\/pepperphoto.de\/wordpress\/index.php?rest_route=\/wp\/v2\/pages\/110\/revisions\/2174"}],"wp:attachment":[{"href":"http:\/\/pepperphoto.de\/wordpress\/index.php?rest_route=%2Fwp%2Fv2%2Fmedia&parent=110"}],"curies":[{"name":"wp","href":"https:\/\/api.w.org\/{rel}","templated":true}]}}