{"id":1494,"date":"2021-10-06T10:05:19","date_gmt":"2021-10-06T08:05:19","guid":{"rendered":"http:\/\/pepperphoto.de\/wordpress\/?page_id=1494"},"modified":"2021-10-07T21:30:50","modified_gmt":"2021-10-07T19:30:50","slug":"lyrical-experiments","status":"publish","type":"page","link":"http:\/\/pepperphoto.de\/wordpress\/?page_id=1494","title":{"rendered":"lyrical.x.periment"},"content":{"rendered":"\n<p class=\"has-text-align-left\"><strong>Lyrische <span style=\"color:#c80101\" class=\"has-inline-color\">Selbstexperimente <\/span>&#8211; Die innere Welt in Schrift und Dichtung.<\/strong><br><br>Gedanke, Sinn, Emotion, zu Papier gebracht, wahllos, im Moment, in dem der Drang dazu am Gr\u00f6\u00dften ist.<br>Eine pures <strong><span style=\"color:#c80101\" class=\"has-inline-color\">Selbststudium der eigenen Gedankenwelt<\/span><\/strong> sozusagen. <br><br>Ich habe lange \u00fcberlegt, ob dieses Material hier einen Platz finden sollte, schlu\u00dfendlich habe ich mich entschieden, sie der Welt nicht vorzuenthalten. Viele meiner geistigen Erg\u00fcsse, sollte man allerdings <strong><span style=\"color:#c80101\" class=\"has-inline-color\">nicht zu Ernst<\/span> <span style=\"color:#c80101\" class=\"has-inline-color\">nehmen<\/span><\/strong>.<br><br><\/p>\n","protected":false},"excerpt":{"rendered":"<p>Lyrische Selbstexperimente &#8211; Die innere Welt in Schrift und Dichtung. Gedanke, Sinn, Emotion, zu Papier gebracht, wahllos, im Moment, in dem der Drang dazu am Gr\u00f6\u00dften ist.Eine pures Selbststudium der eigenen Gedankenwelt sozusagen. Ich habe lange \u00fcberlegt, ob dieses Material &hellip; <\/p>\n","protected":false},"author":1,"featured_media":0,"parent":0,"menu_order":0,"comment_status":"closed","ping_status":"closed","template":"","meta":[],"_links":{"self":[{"href":"http:\/\/pepperphoto.de\/wordpress\/index.php?rest_route=\/wp\/v2\/pages\/1494"}],"collection":[{"href":"http:\/\/pepperphoto.de\/wordpress\/index.php?rest_route=\/wp\/v2\/pages"}],"about":[{"href":"http:\/\/pepperphoto.de\/wordpress\/index.php?rest_route=\/wp\/v2\/types\/page"}],"author":[{"embeddable":true,"href":"http:\/\/pepperphoto.de\/wordpress\/index.php?rest_route=\/wp\/v2\/users\/1"}],"replies":[{"embeddable":true,"href":"http:\/\/pepperphoto.de\/wordpress\/index.php?rest_route=%2Fwp%2Fv2%2Fcomments&post=1494"}],"version-history":[{"count":37,"href":"http:\/\/pepperphoto.de\/wordpress\/index.php?rest_route=\/wp\/v2\/pages\/1494\/revisions"}],"predecessor-version":[{"id":1640,"href":"http:\/\/pepperphoto.de\/wordpress\/index.php?rest_route=\/wp\/v2\/pages\/1494\/revisions\/1640"}],"wp:attachment":[{"href":"http:\/\/pepperphoto.de\/wordpress\/index.php?rest_route=%2Fwp%2Fv2%2Fmedia&parent=1494"}],"curies":[{"name":"wp","href":"https:\/\/api.w.org\/{rel}","templated":true}]}}