{"id":2207,"date":"2025-09-02T19:30:01","date_gmt":"2025-09-02T17:30:01","guid":{"rendered":"http:\/\/pepperphoto.de\/wordpress\/?page_id=2207"},"modified":"2025-09-04T09:26:36","modified_gmt":"2025-09-04T07:26:36","slug":"selfs","status":"publish","type":"page","link":"http:\/\/pepperphoto.de\/wordpress\/?page_id=2207","title":{"rendered":"innenBlick"},"content":{"rendered":"\n<p>Ein Blick, gerichtet ins tiefste Innere des eigenen Selbst, in die vernarbte Seele. In Gedanken, in Erinnerung, in Emotionen.<br>Unverf\u00e4lscht, ohne die allt\u00e4gliche Maske des Selbstschutzes, die man viel zu oftmals tr\u00e4gt, um damit das wahre, ehrliche und verletzliche Antlitz zu verschleiern.<\/p>\n\n\n\n<p><\/p>\n\n\n\n<p>Nachdem ich mich lange Zeit als freier Fotograf in Auftragsarbeiten verwirklicht habe, geht mein jetziges Schaffen exklusiv um den k\u00fcnstlerischen Aspekt. Kreativit\u00e4t er- und ausleben bedeutet f\u00fcr mich die Verarbeitung von erlebter Emotion, von (Alb)Tr\u00e4umen und Gedanken. Ich verwende diese Art des k\u00fcnstlerischen Ausdruckes als Therapie, als eine Art Ventil um mich nicht vollst\u00e4ndig in der Depression zu verlieren.<br><br>In der Rubrik &#8222;innenBlick&#8220; befinden sich vor allem Selbstbildnisse. Portraitiert wird da wohl weniger das \u00c4u\u00dfere als mehr das innere Wesen, tiefe Gedanken sowie die dunklen und vernarbten Regionen des Bewusstseins. &#8222;Ein Bildniss&#8220; ist dabei nicht zwingend visuell zu verstehen, auch eine textliche Erfassung vermag es abzubilden.<br><\/p>\n","protected":false},"excerpt":{"rendered":"<p>Ein Blick, gerichtet ins tiefste Innere des eigenen Selbst, in die vernarbte Seele. In Gedanken, in Erinnerung, in Emotionen.Unverf\u00e4lscht, ohne die allt\u00e4gliche Maske des Selbstschutzes, die man viel zu oftmals tr\u00e4gt, um damit das wahre, ehrliche und verletzliche Antlitz zu &hellip; <\/p>\n","protected":false},"author":1,"featured_media":0,"parent":0,"menu_order":0,"comment_status":"closed","ping_status":"closed","template":"","meta":[],"_links":{"self":[{"href":"http:\/\/pepperphoto.de\/wordpress\/index.php?rest_route=\/wp\/v2\/pages\/2207"}],"collection":[{"href":"http:\/\/pepperphoto.de\/wordpress\/index.php?rest_route=\/wp\/v2\/pages"}],"about":[{"href":"http:\/\/pepperphoto.de\/wordpress\/index.php?rest_route=\/wp\/v2\/types\/page"}],"author":[{"embeddable":true,"href":"http:\/\/pepperphoto.de\/wordpress\/index.php?rest_route=\/wp\/v2\/users\/1"}],"replies":[{"embeddable":true,"href":"http:\/\/pepperphoto.de\/wordpress\/index.php?rest_route=%2Fwp%2Fv2%2Fcomments&post=2207"}],"version-history":[{"count":10,"href":"http:\/\/pepperphoto.de\/wordpress\/index.php?rest_route=\/wp\/v2\/pages\/2207\/revisions"}],"predecessor-version":[{"id":2292,"href":"http:\/\/pepperphoto.de\/wordpress\/index.php?rest_route=\/wp\/v2\/pages\/2207\/revisions\/2292"}],"wp:attachment":[{"href":"http:\/\/pepperphoto.de\/wordpress\/index.php?rest_route=%2Fwp%2Fv2%2Fmedia&parent=2207"}],"curies":[{"name":"wp","href":"https:\/\/api.w.org\/{rel}","templated":true}]}}